{"id":40657,"date":"2026-01-31T12:58:33","date_gmt":"2026-01-31T11:58:33","guid":{"rendered":"https:\/\/barflirt.ch\/?post_type=product&#038;p=40657"},"modified":"2026-04-03T02:06:23","modified_gmt":"2026-04-03T00:06:23","slug":"%f0%9f%92%98-highlight-single-party-alter-35-52-resident-zuerich","status":"publish","type":"product","link":"https:\/\/barflirt.ch\/fr\/produit\/%f0%9f%92%98-highlight-single-party-alter-35-52-resident-zuerich\/","title":{"rendered":"\ud83d\udc96\ud83d\udc30 F\u00caTE C\u00c9LIBATAIRE DE P\u00c2QUES 34 \u2013 52 ans"},"content":{"rendered":"","protected":false},"excerpt":{"rendered":"","protected":false},"featured_media":10807,"comment_status":"closed","ping_status":"closed","template":"","meta":[],"product_brand":[],"product_cat":[15],"product_tag":[],"event-kategorie":[42],"event-places":[28],"event-typ":[22],"class_list":{"0":"post-40657","1":"product","2":"type-product","3":"status-publish","4":"has-post-thumbnail","6":"product_cat-unkategorisiert","7":"event-kategorie-single-party","8":"event-places-zuerich","9":"event-typ-einzelne-location","11":"first","12":"outofstock","13":"taxable","14":"shipping-taxable","15":"purchasable","16":"product-type-bf_event"},"_links":{"self":[{"href":"https:\/\/barflirt.ch\/fr\/wp-json\/wp\/v2\/product\/40657","targetHints":{"allow":["GET"]}}],"collection":[{"href":"https:\/\/barflirt.ch\/fr\/wp-json\/wp\/v2\/product"}],"about":[{"href":"https:\/\/barflirt.ch\/fr\/wp-json\/wp\/v2\/types\/product"}],"replies":[{"embeddable":true,"href":"https:\/\/barflirt.ch\/fr\/wp-json\/wp\/v2\/comments?post=40657"}],"wp:featuredmedia":[{"embeddable":true,"href":"https:\/\/barflirt.ch\/fr\/wp-json\/wp\/v2\/media\/10807"}],"wp:attachment":[{"href":"https:\/\/barflirt.ch\/fr\/wp-json\/wp\/v2\/media?parent=40657"}],"wp:term":[{"taxonomy":"product_brand","embeddable":true,"href":"https:\/\/barflirt.ch\/fr\/wp-json\/wp\/v2\/product_brand?post=40657"},{"taxonomy":"product_cat","embeddable":true,"href":"https:\/\/barflirt.ch\/fr\/wp-json\/wp\/v2\/product_cat?post=40657"},{"taxonomy":"product_tag","embeddable":true,"href":"https:\/\/barflirt.ch\/fr\/wp-json\/wp\/v2\/product_tag?post=40657"},{"taxonomy":"event-kategorie","embeddable":true,"href":"https:\/\/barflirt.ch\/fr\/wp-json\/wp\/v2\/event-kategorie?post=40657"},{"taxonomy":"event-places","embeddable":true,"href":"https:\/\/barflirt.ch\/fr\/wp-json\/wp\/v2\/event-places?post=40657"},{"taxonomy":"event-typ","embeddable":true,"href":"https:\/\/barflirt.ch\/fr\/wp-json\/wp\/v2\/event-typ?post=40657"}],"curies":[{"name":"wp","href":"https:\/\/api.w.org\/{rel}","templated":true}]}}