{"id":26254,"date":"2025-07-21T09:07:57","date_gmt":"2025-07-21T07:07:57","guid":{"rendered":"https:\/\/barflirt.ch\/?post_type=product&#038;p=26254"},"modified":"2025-11-10T07:34:54","modified_gmt":"2025-11-10T06:34:54","slug":"geschenkgutschein-60-chf","status":"publish","type":"product","link":"https:\/\/barflirt.ch\/en\/product\/geschenkgutschein-60-chf\/","title":{"rendered":"Gift voucher"},"content":{"rendered":"<p>Whether it's two individual dating events or an evening for two with a friend - with this voucher you are flexible and can secure two entries for any barflirt event or choose to visit together.<\/p>\n<p>On request, we can add the recipient's name directly to the voucher - or you can enter it personally by hand.<\/p>\n<p>After completing your purchase, you will receive an e-mail with the PDF file of the voucher for forwarding or printing.<\/p>","protected":false},"excerpt":{"rendered":"<p>Ob zwei einzelne Dating-Events oder ein gemeinsamer Abend zu zweit mit einer Freundin oder einem Freund \u2013 mit diesem Gutschein ist man flexibel und kann sich nach Herzenslust zwei Eintritte f\u00fcr beliebige Barflirt-Events sichern oder einen gemeinsamen Besuch w\u00e4hlen. Auf Wunsch f\u00fcgen wir den Namen des Beschenkten direkt auf dem Gutschein ein \u2013 oder du [&hellip;]<\/p>\n","protected":false},"featured_media":25639,"comment_status":"closed","ping_status":"closed","template":"","meta":[],"product_brand":[],"product_cat":[49],"product_tag":[],"event-kategorie":[],"event-places":[],"event-typ":[],"class_list":{"0":"post-26254","1":"product","2":"type-product","3":"status-publish","4":"has-post-thumbnail","6":"product_cat-geschenkgutschein","8":"first","9":"instock","10":"taxable","11":"shipping-taxable","12":"purchasable","13":"product-type-simple"},"_links":{"self":[{"href":"https:\/\/barflirt.ch\/en\/wp-json\/wp\/v2\/product\/26254","targetHints":{"allow":["GET"]}}],"collection":[{"href":"https:\/\/barflirt.ch\/en\/wp-json\/wp\/v2\/product"}],"about":[{"href":"https:\/\/barflirt.ch\/en\/wp-json\/wp\/v2\/types\/product"}],"replies":[{"embeddable":true,"href":"https:\/\/barflirt.ch\/en\/wp-json\/wp\/v2\/comments?post=26254"}],"wp:featuredmedia":[{"embeddable":true,"href":"https:\/\/barflirt.ch\/en\/wp-json\/wp\/v2\/media\/25639"}],"wp:attachment":[{"href":"https:\/\/barflirt.ch\/en\/wp-json\/wp\/v2\/media?parent=26254"}],"wp:term":[{"taxonomy":"product_brand","embeddable":true,"href":"https:\/\/barflirt.ch\/en\/wp-json\/wp\/v2\/product_brand?post=26254"},{"taxonomy":"product_cat","embeddable":true,"href":"https:\/\/barflirt.ch\/en\/wp-json\/wp\/v2\/product_cat?post=26254"},{"taxonomy":"product_tag","embeddable":true,"href":"https:\/\/barflirt.ch\/en\/wp-json\/wp\/v2\/product_tag?post=26254"},{"taxonomy":"event-kategorie","embeddable":true,"href":"https:\/\/barflirt.ch\/en\/wp-json\/wp\/v2\/event-kategorie?post=26254"},{"taxonomy":"event-places","embeddable":true,"href":"https:\/\/barflirt.ch\/en\/wp-json\/wp\/v2\/event-places?post=26254"},{"taxonomy":"event-typ","embeddable":true,"href":"https:\/\/barflirt.ch\/en\/wp-json\/wp\/v2\/event-typ?post=26254"}],"curies":[{"name":"wp","href":"https:\/\/api.w.org\/{rel}","templated":true}]}}